{"id":1557,"date":"2024-03-21T12:34:34","date_gmt":"2024-03-21T12:34:34","guid":{"rendered":"https:\/\/promotioneins.de\/?page_id=1557"},"modified":"2024-03-21T12:34:35","modified_gmt":"2024-03-21T12:34:35","slug":"datenschutz","status":"publish","type":"page","link":"https:\/\/promotioneins.de\/index.php\/datenschutz\/","title":{"rendered":"Datenschutz"},"content":{"rendered":"<div class=\"wpb-content-wrapper\"><header class=\"ce-header\">\r\n<h2 class=\"wp-block-heading\">Gender Hinweis<\/h2>\r\n<\/header>\r\n<div class=\"ce-textpic\">\r\n<div class=\"ce-bodytext\">\r\n<p>Wir legen gro\u00dfen Wert auf Gleichbehandlung. Um die Lesefreundlichkeit der Website zu verbessern, wird jedoch an einigen Stellen bei Personenbezeichnungen und personenbezogenen Hauptw\u00f6rtern ausschlie\u00dflich die m\u00e4nnliche Form verwendet. Alle Geschlechter sind gleichberechtigt angesprochen.<\/p>\r\n<p>Vielen Dank f\u00fcr Ihr Verst\u00e4ndnis!<\/p>\r\n<\/div>\r\n<\/div>\r\n<div class=\"vc_row wpb_row vc_row-fluid\">\r\n<div class=\"wpb_column vc_column_container vc_col-sm-12\">\r\n<div class=\"vc_column-inner\">\r\n<div class=\"wpb_wrapper\">\r\n<div class=\"wpb_text_column wpb_content_element \">\r\n<div class=\"wpb_wrapper\">\r\n<h1>Unsere Garantie!<\/h1>\r\n<div>Die Staff Eins GmbH &amp; Co. KG ist sich der Wichtigkeit personenbezogener und besonders schutzw\u00fcrdiger Daten unserer Mitarbeiter, Bewerber, Dienstleister, Kunden und Vertragspartner vertraulich zu behandeln und zu wahren, bewusst.<br \/><br \/><b>Staff Eins erf\u00fcllt alle gesetzlichen und alle berufsst\u00e4ndischen Bestimmungen des Datenschutzes \u2013 zum Schutz Ihrer Daten und Ihrer Privatsph\u00e4re.<\/b><br \/><br \/><br \/>Daher ist f\u00fcr uns die Beachtung der nationalen und europ\u00e4ischen Datenschutzbestimmungen bei der Verwendung personenbezogener Daten durch moderne Informations- und Kommunikationstechnologien eine Selbstverst\u00e4ndlichkeit. Diese Beachtung bezieht auf die gesetzlichen Grundlagen des Bundesdatenschutzgesetz und der Richtlinie 95\/46\/EG des Europ\u00e4ischen Parlaments.<br \/><br \/>Die folgenden Datenschutzprinzipien sind grundlegende Regeln f\u00fcr den Umgang mit personenbezogenen Daten, die von uns selbstverst\u00e4ndlich respektiert und auch strikt eingehalten werden:<br \/>\r\n<ul>\r\n<li>Wir erheben nur personenbezogene Daten, nutzen oder speichern diese, wenn diese relevant und n\u00fctzlich zur Erf\u00fcllung unserer gesch\u00e4ftlichen Leistungen sind.<\/li>\r\n<li>Wir geben niemals Daten weiter oder verwenden diese zu anderen Zwecken, als urspr\u00fcnglich angegeben. Die erhobenen Daten werden von uns ausschlie\u00dflich zur Erf\u00fcllung des kommunizierten Zweckes eingesetzt, z.B. in laufenden Bewerbungs- oder Abrechnungsverfahren.<\/li>\r\n<li>Selbst wenn davon auszugehen ist, dass der Beteiligte ein berechtigtes Interesse an der Weitergabe der Daten z.B. im Zuge einer Jobvermittlung hat, werden wir nur nach vorheriger schriftlicher Zustimmung mit genau benanntem Empf\u00e4nger und Grund der Daten\u00fcbermittlung eine Weitergabe veranlassen.<\/li>\r\n<li>Alle mit uns in Zusammenhang stehenden Firmen oder Gesch\u00e4ftspartner haben sich im Zuge der Zusammenarbeit verpflichtet, diese von uns angesetzten Datenschutzma\u00dfnahmen in den Bereichen auch anzuwenden, in welchen sie mit pers\u00f6nlichen Daten unserer Mitarbeiter oder Beteiligter in Ber\u00fchrung kommen.<\/li>\r\n<li>Wir bewahren nur solche personenbezogene Daten, die ben\u00f6tigt werden, um unsere gesetzlichen und gesch\u00e4ftlichen Verpflichtungen zu erf\u00fcllen.<\/li>\r\n<li>Wir versuchen so gut wie m\u00f6glich personenbezogene Daten korrekt und aktuell zu halten. Durch st\u00e4ndige Sicherheitsma\u00dfnahmen, versuchen wir ihre personenbezogenen Daten zu sch\u00fctzen und den Zugriff und die Weitergabe von personenbezogenen Daten zu unterbinden.<\/li>\r\n<li>Soweit dies m\u00f6glich und vern\u00fcnftig ist, anonymisieren und pseudonymisieren personenbezogene Daten.<\/li>\r\n<li>Wo es gew\u00fcnscht ist, bieten wir die M\u00f6glichkeit, personenbezogene Daten einzusehen und zu aktualisieren und auch unmittelbar zu l\u00f6schen.<\/li>\r\n<li>Wir legen auf Nachfrage von Mitarbeitern oder Beteiligten das gesamte Verfahren der Datenspeicherung und die Art und Weise der Datensicherungsma\u00dfnahmen in jedem individuellen Fall vollst\u00e4ndig offen.<\/li>\r\n<\/ul>\r\n<br \/>Zus\u00e4tzlich bieten wir die M\u00f6glichkeit unter\u00a0<a href=\"https:\/\/staffeins.app\/content\/datenschutz@staffeins.de\" class=\"broken_link\">datenschutz@staffeins.de<\/a>\u00a0Fragen, Beschwerden, Auskunftsersuchungen und Anregungen in Bezug auf Datenschutzthemen einzubringen oder zu erhalten.<\/div>\r\n<div><hr \/><\/div>\r\n<div>Wir freuen uns \u00fcber Ihr Interesse an unserer Homepage und unserem Unternehmen. Der Schutz Ihrer personenbezogenen Daten bei der Erhebung, Verarbeitung und Nutzung anl\u00e4sslich Ihres Besuchs auf unserer Homepage ist uns ein wichtiges Anliegen. Nachstehend informieren wir Sie \u00fcber den Umgang mit Ihren Daten.<br \/><br \/><b>Erhebung, Verarbeitung und Nutzung personenbezogener Daten<\/b>\u00a0Sie k\u00f6nnen unsere Seite besuchen, ohne Angaben zu Ihrer Person zu machen. Personenbezogene Daten, darunter fallen Informationen wie z.B. Ihr Name, Adresse, Postanschrift oder Rufnummern, werden nur erhoben, wenn Sie uns diese im Rahmen einer Anfrage oder Registrierung oder Bewerbung freiwillig mitteilen. Wir verwenden die von ihnen mitgeteilten Daten ausschlie\u00dflich zur Bearbeitung Ihrer Anfragen und im Rahmen der Gesch\u00e4ftsbeziehung. Dabei werden die gesetzlichen Vorgaben, insbesondere des Telemediengesetzes (TMG) und des Bundesdatenschutzgesetzes (BDSG) beachtet. Ohne die Einwilligung des Kunden oder der Bewerber und Mitarbeiter werden wir Daten nicht f\u00fcr Zwecke der Werbung und der Markt- oder Meinungsforschung nutzen. Bei Anmeldung zu einem Newsletter wird Ihre E-Mail-Adresse mit Ihrer Einwilligung f\u00fcr eigene Werbezwecke genutzt, bis Sie sich vom Newsletter abmelden. Die Abmeldung ist jederzeit m\u00f6glich. In einigen F\u00e4llen werden sogenannte Cookies auf Ihrem PC erzeugt. Hierbei handelt es sich um kleine Dateien, mit deren Hilfe wir zum Beispiel technische Abl\u00e4ufe steuern k\u00f6nnen. Generell verwenden wir Cookies ausschlie\u00dflich f\u00fcr technische Zwecke, personenbezogene Daten werden damit nicht erhoben, verarbeitet oder genutzt.<br \/><br \/>Die L\u00f6schung der gespeicherten personenbezogenen Daten erfolgt, wenn Sie Ihre Einwilligung zur Speicherung widerrufen, wenn ihre Kenntnis zur Erf\u00fcllung des mit der Speicherung verfolgten Zwecks nicht mehr erforderlich ist oder wenn ihre Speicherung aus sonstigen gesetzlichen Gr\u00fcnden unzul\u00e4ssig ist.<br \/><br \/><b>Erhebung von Daten zur Webanalyse<\/b><br \/>Diese Website benutzt Google Analytics, einen Webanalysedienst der Google Inc. (\u201eGoogle\u201c). Google Analytics verwendet sog. \u201eCookies\u201c, Textdateien, die auf Ihrem Computer gespeichert werden und die eine Analyse der Benutzung der Website durch Sie erm\u00f6glichen.<br \/><br \/>Die durch den Cookie erzeugten Informationen \u00fcber Ihre Benutzung dieser Website (einschlie\u00dflich Ihrer IP-Adresse) wird an einen Server von Google in den USA \u00fcbertragen und dort gespeichert.<br \/><br \/>Angesichts der Diskussion um den Einsatz von Analysetools mit vollst\u00e4ndigen IP-Adressen m\u00f6chten wir darauf hinweisen, dass diese Website Google Analytics mit der Erweiterung \u201e_anonymizeIp()\u201c verwendet und daher IP-Adressen nur gek\u00fcrzt weiterverarbeitet werden, um eine direkte Personenbeziehbarkeit auszuschlie\u00dfen.<br \/><br \/>Google wird diese Informationen benutzen, um Ihre Nutzung der Website auszuwerten, um Reports \u00fcber die Websiteaktivit\u00e4ten f\u00fcr die Websitebetreiber zusammenzustellen und um weitere mit der Websitenutzung und der Internetnutzung verbundene Dienstleistungen zu erbringen. Auch wird Google diese Informationen gegebenenfalls an Dritte \u00fcbertragen, sofern dies gesetzlich vorgeschrieben oder soweit Dritte diese Daten im Auftrag von Google verarbeiten. Google wird in keinem Fall Ihre IP-Adresse mit anderen Daten von Google in Verbindung bringen. Sie k\u00f6nnen die Installation der Cookies durch eine entsprechende Einstellung Ihrer Browser Software verhindern; wir weisen Sie jedoch darauf hin, dass Sie in diesem Fall gegebenenfalls nicht s\u00e4mtliche Funktionen dieser Website vollumf\u00e4nglich nutzen k\u00f6nnen. Durch die Nutzung dieser Website erkl\u00e4ren Sie sich mit der Bearbeitung der \u00fcber Sie erhobenen Daten durch Google in der zuvor beschriebenen Art und Weise und zu dem zuvor benannten Zweck einverstanden. Der Datenerhebung und -speicherung kann jederzeit mit Wirkung f\u00fcr die Zukunft widersprochen werden.<br \/><br \/><b>Datenschutzerkl\u00e4rung f\u00fcr das Facebook-Plugin (\u201eGef\u00e4llt mir\u201c)<\/b><br \/>Diese Webseite nutzt Plugins des Anbieters Facebook.com, welche durch das Unternehmen Facebook Inc., 1601 S. California Avenue, Palo Alto, CA 94304 in den USA bereitgestellt werden. Nutzer unserer Webseite, auf der das Facebook-Plugin (\u201eGef\u00e4llt mir\u201c-Button) installiert ist, werden hiermit darauf hingewiesen, dass durch das Plugin eine Verbindung zu Facebook aufgebaut wird, wodurch eine \u00dcbermittlung an Ihren Browser durchgef\u00fchrt wird, damit das Plugin auf der Webseite erscheint.<br \/>Des Weiteren werden durch die Nutzung Daten an die Facebook-Server weitergeleitet, welche Informationen \u00fcber Ihre Webseitenbesuche auf unserer Homepage enthalten. Dies hat f\u00fcr eingeloggte Facebook-Nutzer zur Folge, dass die Nutzungsdaten Ihrem pers\u00f6nlichen Facebook-Account zugeordnet werden.<br \/>Sobald Sie als eingeloggter Facebook-Nutzer aktiv das Facebook-Plugin nutzen (z.B. durch das Klicken auf den \u201eGef\u00e4llt mir\u201c Knopf oder die Nutzung der Kommentarfunktion), werden diese Daten zu Ihrem Facebook-Account \u00fcbertragen und ver\u00f6ffentlicht. Dies k\u00f6nnen Sie nur durch vorheriges Ausloggen aus Ihrem Facebook-Account umgehen.<br \/>Weitere Information bez\u00fcglich der Datennutzung durch Facebook entnehmen Sie bitte den datenschutzrechtlichen Bestimmungen auf Facebook unter\u00a0<a href=\"http:\/\/de-de.facebook.com\/policy.php\">http:\/\/de-de.facebook.com\/policy.php<\/a>.<br \/><br \/><b>Datenschutzerkl\u00e4rung f\u00fcr den Webanalysedienst Google Analytics<\/b><br \/>Diese Website benutzt Google Analytics, einen Webanalysedienst der Google Inc. (&#8222;Google&#8220;). Google Analytics verwendet sog. &#8222;Cookies&#8220;, Textdateien, die auf Ihrem Computer gespeichert werden und die eine Analyse der Benutzung der Website durch Sie erm\u00f6glichen. Die durch den Cookie erzeugten Informationen \u00fcber Ihre Benutzung dieser Website werden in der Regel an einen Server von Google in den USA \u00fcbertragen und dort gespeichert. Wir haben die IP-Anonymisierung aktiviert. Auf dieser Webseite wird Ihre IP-Adresse von Google daher innerhalb von Mitgliedstaaten der Europ\u00e4ischen Union oder in anderen Vertragsstaaten des Abkommens \u00fcber den Europ\u00e4ischen Wirtschaftsraum zuvor gek\u00fcrzt. Nur in Ausnahmef\u00e4llen wird die volle IP-Adresse an einen Server von Google in den USA \u00fcbertragen und dort gek\u00fcrzt. Im Auftrag des Betreibers dieser Website wird Google diese Informationen benutzen, um Ihre Nutzung der Website auszuwerten, um Reports \u00fcber die Websiteaktivit\u00e4ten zusammenzustellen und um weitere mit der Websitenutzung und der Internetnutzung verbundene Dienstleistungen gegen\u00fcber dem Websitebetreiber zu erbringen. Die im Rahmen von Google Analytics von Ihrem Browser \u00fcbermittelte IP-Adresse wird nicht mit anderen Daten von Google zusammengef\u00fchrt. Sie k\u00f6nnen die Speicherung der Cookies durch eine entsprechende Einstellung Ihrer Browser-Software verhindern; wir weisen Sie jedoch darauf hin, dass Sie in diesem Fall gegebenenfalls nicht s\u00e4mtliche Funktionen dieser Website vollumf\u00e4nglich werden nutzen k\u00f6nnen. Sie k\u00f6nnen dar\u00fcber hinaus die Erfassung der durch das Cookie erzeugten und auf Ihre Nutzung der Website bezogenen Daten (inkl. Ihrer IP-Adresse) an Google sowie die Verarbeitung dieser Daten durch Google verhindern, indem sie das unter dem folgenden Link verf\u00fcgbare Browser-Plugin herunterladen und installieren:\u00a0<a href=\"http:\/\/tools.google.com\/dlpage\/gaoptout?hl=de\">http:\/\/tools.google.com\/dlpage\/gaoptout?hl=de<\/a><br \/><br \/><b>Datenschutzerkl\u00e4rung f\u00fcr das soziale Netzwerk Google Plus<\/b><br \/>Diese Webseite verwendet die sog. \u201eG +1\u201c-Schaltfl\u00e4che des sozialen Netzwerkes Google Plus, welches von der Google Inc., 1600 Amphitheatre Parkway, Mountain View, CA 94043, United States betrieben wird (\u201eGoogle\u201c). Die Schaltfl\u00e4che ist an dem Zeichen \u201eG +1\u201c zu erkennen. Wenn Sie bei Google Plus registriert sind, k\u00f6nnen Sie mit der \u201eG +1\u201c Schaltfl\u00e4che Ihr Interesse an unserer Webseite ausdr\u00fccken und Inhalte von unserer Webseite auf Google Plus teilen. In dem Falle speichert Google sowohl die Information, dass Sie f\u00fcr einen unserer Inhalte ein \u201eG +1\u201c gegeben haben, als auch Informationen \u00fcber die Seite, die Sie dabei angesehen haben. Ihre \u201eG +1\u201c k\u00f6nnen m\u00f6glicherweise zusammen mit Ihrem Namen (ggf. auch mit Foto &#8211; soweit vorhanden) bei Google Plus in weiteren Google-Diensten, wie der Google Suche oder Ihrem Google-Profil, eingeblendet werden.<br \/>Zweck und Umfang der Datenerhebung und die weitere Verarbeitung und Nutzung der Daten durch Google sowie Ihre diesbez\u00fcglichen Rechte und Einstellungsm\u00f6glichkeiten zum Schutz Ihrer Privatsph\u00e4re entnehmen Sie bitte Googles Datenschutzhinweisen:<br \/><a href=\"https:\/\/www.google.com\/intl\/de\/policies\/privacy\/\">https:\/\/www.google.com\/intl\/de\/policies\/privacy\/<\/a><br \/><br \/><b>Datenschutzerkl\u00e4rung f\u00fcr die Nutzung von dem Webmessagedienst twitter.com<\/b><br \/>Wir haben auf unserer Webseite auch den Webmessagedienst twitter.com integriert. Dieser wird durch die Twitter Inc., 1355 Market St, Suite 900, San Francisco, CA 94103, USA bereitgestellt. Twitter bietet die sog. \u201eTweet\u201c \u2013 Funktion an. Damit kann man 140 Zeichen lange Nachrichten auch mit Webseitenlinks in seinem eigenen Twitteraccount ver\u00f6ffentlichen. Wenn Sie die \u201eTweet\u201c-Funktion von Twitter auf unseren Webseiten nutzen, wird die jeweilige Webseite mit Ihrem Account auf Twitter verkn\u00fcpft und dort ggf. \u00f6ffentlich bekannt gegeben. Hierbei werden auch Daten an Twitter \u00fcbertragen.<br \/>Von dem Inhalt der \u00fcbermittelten Daten und deren Nutzung durch Twitter erhalten wir keine Kenntnis. Konsultieren Sie daher f\u00fcr weitere Informationen die Datenschutzerkl\u00e4rung von Twitter:\u00a0<a href=\"http:\/\/twitter.com\/privacy\" class=\"broken_link\">http:\/\/twitter.com\/privacy<\/a><br \/>Twitter bietet Ihnen unter nachfolgendem Link die M\u00f6glichkeit, Ihre Datenschutzeinstellungen selbst festzulegen:\u00a0<a href=\"http:\/\/twitter.com\/account\/settings\" class=\"broken_link\">http:\/\/twitter.com\/account\/settings<\/a>.<br \/><br \/><b>Auskunftsrecht<\/b><br \/>Sie haben das jederzeitige Recht, sich unentgeltlich und unverz\u00fcglich \u00fcber die zu Ihrer Person erhobenen Daten zu erkundigen. Sie haben das jederzeitige Recht, Ihre Zustimmung zur Verwendung Ihrer angegeben pers\u00f6nlichen Daten mit Wirkung f\u00fcr die Zukunft zu widerrufen. Zur Auskunftserteilung wenden Sie sich bitte an den Anbieter unter den Kontaktdaten im Impressum.<br \/><br \/><b>Weitergabe personenbezogener Daten<\/b><br \/><br \/>Beim Absenden des &#8222;Fehler-melden&#8220; Formulars werden Daten \u00fcber den Browser und die Bildschirmaufl\u00f6sung gesammelt.<br \/>Ihre personenbezogenen Daten werden an Dritte nur weitergegeben oder \u00fcbermittelt, wenn dies zum Zwecke der Vertragsabwicklung, zum Beispiel f\u00fcr Lieferungen oder zu Abrechnungszwecken erforderlich ist oder Sie zuvor eingewilligt haben. Eine Weitergabe Ihrer Daten an unbeteiligte Dritte &#8211; zum Beispiel f\u00fcr Marketingzwecke &#8211; erfolgt ausdr\u00fccklich NICHT.<br \/><br \/><b>Registrierung<\/b><br \/>Soweit Sie bei der Firma Staff Eins registriert sind, erhalten Sie einen Benutzernamen und ein Passwort. Da Sie dieses Passwort bei der Benutzung unserer Homepage identifiziert, bitten wir Sie in Ihrem eigenen Interesse, dieses Passwort sorgf\u00e4ltig geheim zu halten, um unter Ihrem Namen Missbrauch zu verhindern.<br \/><br \/><b>Auskunftsrecht<\/b><br \/>Nach dem Bundesdatenschutzgesetz haben Sie ein Recht auf unentgeltliche Auskunft \u00fcber Ihre gespeicherten Daten sowie ggf. ein Recht auf Berichtigung, Sperrung oder L\u00f6schung dieser Daten.<br \/><br \/><b>Ansprechpartner f\u00fcr Datenschutz<\/b><br \/>Bei Fragen zur Erhebung, Verarbeitung oder Nutzung Ihrer personenbezogenen Daten, bei Ausk\u00fcnften, Berichtigung, Sperrung oder L\u00f6schung von Daten sowie Widerruf erteilter Einwilligungen wenden Sie sich bitte an:<br \/><br \/>COM AND GmbH<br \/>Herr Volker Rantz<br \/>Lindenstra\u00dfe 2<br \/>18055 Rostock<br \/>Telefon: 0381 \u2013 400 14 20<br \/>E-Mail: datenschutz@staffeins.de<\/div>\r\n<\/div>\r\n<\/div>\r\n<\/div>\r\n<\/div>\r\n<\/div>\r\n<\/div>\r\n<\/div>","protected":false},"excerpt":{"rendered":"<p>Gender Hinweis Wir legen gro\u00dfen Wert auf Gleichbehandlung. Um die Lesefreundlichkeit der Website zu verbessern, wird jedoch an einigen Stellen bei Personenbezeichnungen und personenbezogenen Hauptw\u00f6rtern ausschlie\u00dflich die m\u00e4nnliche Form verwendet. Alle Geschlechter sind gleichberechtigt angesprochen. Vielen Dank f\u00fcr Ihr Verst\u00e4ndnis! Unsere Garantie! Die Staff Eins GmbH &amp; Co. KG ist sich der Wichtigkeit personenbezogener und&hellip;<\/p>\n","protected":false},"author":3,"featured_media":0,"parent":0,"menu_order":0,"comment_status":"closed","ping_status":"open","template":"","meta":{"footnotes":""},"amp_enabled":true,"_links":{"self":[{"href":"https:\/\/promotioneins.de\/index.php\/wp-json\/wp\/v2\/pages\/1557"}],"collection":[{"href":"https:\/\/promotioneins.de\/index.php\/wp-json\/wp\/v2\/pages"}],"about":[{"href":"https:\/\/promotioneins.de\/index.php\/wp-json\/wp\/v2\/types\/page"}],"author":[{"embeddable":true,"href":"https:\/\/promotioneins.de\/index.php\/wp-json\/wp\/v2\/users\/3"}],"replies":[{"embeddable":true,"href":"https:\/\/promotioneins.de\/index.php\/wp-json\/wp\/v2\/comments?post=1557"}],"version-history":[{"count":4,"href":"https:\/\/promotioneins.de\/index.php\/wp-json\/wp\/v2\/pages\/1557\/revisions"}],"predecessor-version":[{"id":1613,"href":"https:\/\/promotioneins.de\/index.php\/wp-json\/wp\/v2\/pages\/1557\/revisions\/1613"}],"wp:attachment":[{"href":"https:\/\/promotioneins.de\/index.php\/wp-json\/wp\/v2\/media?parent=1557"}],"curies":[{"name":"wp","href":"https:\/\/api.w.org\/{rel}","templated":true}]}}