{"id":2282,"date":"2024-04-26T11:05:18","date_gmt":"2024-04-26T11:05:18","guid":{"rendered":"https:\/\/promotioneins.de\/?page_id=2282"},"modified":"2024-05-21T09:30:17","modified_gmt":"2024-05-21T09:30:17","slug":"faq","status":"publish","type":"page","link":"https:\/\/promotioneins.de\/index.php\/faq\/","title":{"rendered":"FAQ"},"content":{"rendered":"<div class=\"wpb-content-wrapper\"><p>[vc_row bg_type=&#8220;bg_color&#8220; bg_override=&#8220;ex-full&#8220; css=&#8220;.vc_custom_1714129399666{padding-top: 30px !important;padding-bottom: 30px !important;}&#8220; bg_color_value=&#8220;#ffffff&#8220;][vc_column css=&#8220;.vc_custom_1714129221797{padding-top: 10px !important;padding-bottom: 10px !important;}&#8220;]<div id=\"ultimate-heading-79569dcd60c57ec0\" class=\"uvc-heading ult-adjust-bottom-margin ultimate-heading-79569dcd60c57ec0 uvc-9011  uvc-heading-default-font-sizes\" data-hspacer=\"no_spacer\"  data-halign=\"center\" style=\"text-align:center\"><div class=\"uvc-heading-spacer no_spacer\" style=\"top\"><\/div><div class=\"uvc-main-heading ult-responsive\"  data-ultimate-target='.uvc-heading.ultimate-heading-79569dcd60c57ec0 h2'  data-responsive-json-new='{\"font-size\":\"\",\"line-height\":\"\"}' ><h2 style=\"--font-weight:theme;\">Antworten auf h\u00e4ufig gestellte Fragen \u00fcber OneClickPersonal<\/h2><\/div><\/div>[\/vc_column][\/vc_row][vc_row bg_type=&#8220;bg_color&#8220; bg_override=&#8220;ex-full&#8220; bg_color_value=&#8220;#ffffff&#8220; css=&#8220;.vc_custom_1714129466104{padding-top: 30px !important;padding-bottom: 30px !important;}&#8220;][vc_column][vc_toggle title=&#8220;Ist CleanEins deutschlandweit aktiv?&#8220; style=&#8220;round_outline&#8220; size=&#8220;lg&#8220; css=&#8220;&#8220;]<span style=\"color: #000000;\">CleanEins ist deutschlandweit aktiv und unterst\u00fctzt Sie gerne bei der Reinigung Ihrer Ferienimmobilie, Haushalt oder B\u00fcro in allen Regionen Deutschlands.<\/span>[\/vc_toggle][vc_toggle title=&#8220;F\u00fcr welche Art von Reinigungen \u00fcbernimmt CleanEins alles?&#8220; style=&#8220;round_outline&#8220; size=&#8220;lg&#8220; css=&#8220;&#8220;]<span style=\"color: #000000;\">CleanEins \u00fcbernimmt die Reinigung f\u00fcr Ferienimmobilien, private Haushalte und auch B\u00fcrofl\u00e4chen die Reinigung. Wir sind auch offen f\u00fcr Reinigungen anderer Objekte. Kontaktieren Sie uns daf\u00fcr gerne \u00fcber unser Kontaktformular oder via E-Mail oder Telefon.<\/span>[\/vc_toggle][vc_toggle title=&#8220;Ist CleanEins auf bestimmte Branchen beschr\u00e4nkt?&#8220; style=&#8220;round_outline&#8220; size=&#8220;lg&#8220; css=&#8220;&#8220;]<\/p>\n<p data-sourcepos=\"3:1-3:100\"><span style=\"color: #000000;\">Nein, CleanEins ist branchen\u00fcbergreifend t\u00e4tig. Kontaktieren Sie uns gerne in besonderen F\u00e4llen pers\u00f6nlich.\u00a0<\/span><\/p>\n<p>[\/vc_toggle][vc_toggle title=&#8220;Ab wann ist der Rechnungsbetrag f\u00e4llig&#8220; style=&#8220;round_outline&#8220; size=&#8220;lg&#8220; css=&#8220;&#8220;]<\/p>\n<p data-sourcepos=\"3:1-3:100\"><span style=\"color: #000000;\">Der Rechnungsbetrag ist innerhalb von 14 Tagen nach der Leistungserbringung f\u00e4llig.\u00a0<\/span><\/p>\n<p>[\/vc_toggle][vc_toggle title=&#8220;Welche Daten ben\u00f6tigt CleanEins, um mit der Reinigung zu beginnen?&#8220; style=&#8220;round_outline&#8220; size=&#8220;lg&#8220; css=&#8220;&#8220;]<span style=\"color: #000000;\">CleanEins ben\u00f6tigt Ihre Kontaktdaten und folgende Informationen zur Immobilie\/Objekt welches gereinigt werden soll_<\/span><\/p>\n<ol>\n<li>Ort (Anschrift)<\/li>\n<li>Datum (Tag der Reinigung)<\/li>\n<li>Uhrzeig (Zeitfenster der Reinigung von bis)<\/li>\n<\/ol>\n<p>[\/vc_toggle][\/vc_column][\/vc_row]<\/p>\n<\/div>","protected":false},"excerpt":{"rendered":"<p>[vc_row bg_type=&#8220;bg_color&#8220; bg_override=&#8220;ex-full&#8220; css=&#8220;.vc_custom_1714129399666{padding-top: 30px !important;padding-bottom: 30px !important;}&#8220; bg_color_value=&#8220;#ffffff&#8220;][vc_column css=&#8220;.vc_custom_1714129221797{padding-top: 10px !important;padding-bottom: 10px !important;}&#8220;][\/vc_column][\/vc_row][vc_row bg_type=&#8220;bg_color&#8220; bg_override=&#8220;ex-full&#8220; bg_color_value=&#8220;#ffffff&#8220; css=&#8220;.vc_custom_1714129466104{padding-top: 30px !important;padding-bottom: 30px !important;}&#8220;][vc_column][vc_toggle title=&#8220;Ist CleanEins deutschlandweit aktiv?&#8220; style=&#8220;round_outline&#8220; size=&#8220;lg&#8220; css=&#8220;&#8220;]CleanEins ist deutschlandweit aktiv und unterst\u00fctzt Sie gerne bei der Reinigung Ihrer Ferienimmobilie, Haushalt oder B\u00fcro in allen Regionen Deutschlands.[\/vc_toggle][vc_toggle title=&#8220;F\u00fcr welche Art von Reinigungen \u00fcbernimmt CleanEins&hellip;<\/p>\n","protected":false},"author":3,"featured_media":0,"parent":0,"menu_order":0,"comment_status":"closed","ping_status":"open","template":"","meta":{"footnotes":""},"amp_enabled":true,"_links":{"self":[{"href":"https:\/\/promotioneins.de\/index.php\/wp-json\/wp\/v2\/pages\/2282"}],"collection":[{"href":"https:\/\/promotioneins.de\/index.php\/wp-json\/wp\/v2\/pages"}],"about":[{"href":"https:\/\/promotioneins.de\/index.php\/wp-json\/wp\/v2\/types\/page"}],"author":[{"embeddable":true,"href":"https:\/\/promotioneins.de\/index.php\/wp-json\/wp\/v2\/users\/3"}],"replies":[{"embeddable":true,"href":"https:\/\/promotioneins.de\/index.php\/wp-json\/wp\/v2\/comments?post=2282"}],"version-history":[{"count":14,"href":"https:\/\/promotioneins.de\/index.php\/wp-json\/wp\/v2\/pages\/2282\/revisions"}],"predecessor-version":[{"id":2422,"href":"https:\/\/promotioneins.de\/index.php\/wp-json\/wp\/v2\/pages\/2282\/revisions\/2422"}],"wp:attachment":[{"href":"https:\/\/promotioneins.de\/index.php\/wp-json\/wp\/v2\/media?parent=2282"}],"curies":[{"name":"wp","href":"https:\/\/api.w.org\/{rel}","templated":true}]}}