{"id":3,"date":"2021-02-25T13:15:46","date_gmt":"2021-02-25T13:15:46","guid":{"rendered":"https:\/\/promotioneins.de\/?page_id=3"},"modified":"2024-04-10T13:44:47","modified_gmt":"2024-04-10T13:44:47","slug":"privacy-policy","status":"publish","type":"page","link":"https:\/\/promotioneins.de\/index.php\/privacy-policy\/","title":{"rendered":"Impressum"},"content":{"rendered":"<div class=\"wpb-content-wrapper\"><p>[vc_row][vc_column][vc_column_text]<\/p>\n<header class=\"ce-header\">\n<h2 class=\"wp-block-heading\">Gender Hinweis<\/h2>\n<\/header>\n<div class=\"ce-textpic\">\n<div class=\"ce-bodytext\">\n<p>Wir legen gro\u00dfen Wert auf Gleichbehandlung. Um die Lesefreundlichkeit der Website zu verbessern, wird jedoch an einigen Stellen bei Personenbezeichnungen und personenbezogenen Hauptw\u00f6rtern ausschlie\u00dflich die m\u00e4nnliche Form verwendet. Alle Geschlechter sind gleichberechtigt angesprochen.<\/p>\n<p>Vielen Dank f\u00fcr Ihr Verst\u00e4ndnis!<\/p>\n<p>&nbsp;<\/p>\n<\/div>\n<\/div>\n<div class=\"vc_row wpb_row vc_row-fluid\">\n<div class=\"wpb_column vc_column_container vc_col-sm-12\">\n<div class=\"vc_column-inner\">\n<div class=\"wpb_wrapper\">\n<div class=\"wpb_text_column wpb_content_element \">\n<div class=\"wpb_wrapper\">\n<h2><strong>Betreiber von OneClickPersonal.de<\/strong><\/h2>\n<p><strong>Staff Eins GmbH<\/strong><\/p>\n<p><a href=\"http:\/\/www.personal.staffeins.de\">www.personal.staffeins.de<\/a><\/p>\n<p>Akazienstra\u00dfe 3a<br \/>10823 Berlin<\/p>\n<p>Telefon: (030) 220 236 670<br \/>E-Mail: <a href=\"http:\/\/info@staffeins.de\/\"><span id=\"cloak49517\">info@staffeins.de<\/span><\/a><\/p>\n<p><b><br \/>Vertreten durch den Gesch\u00e4ftsf\u00fchrer:<\/b><br \/>Volker Rantz<\/p>\n<p><b>Disclaimer \u2013 rechtliche Hinweise<\/b><\/p>\n<p>\u00a7 1 Haftungsbeschr\u00e4nkung<br \/>Die Inhalte dieser Website werden mit gr\u00f6\u00dftm\u00f6glicher Sorgfalt erstellt. Der Anbieter \u00fcbernimmt jedoch keine Gew\u00e4hr f\u00fcr die Richtigkeit, Vollst\u00e4ndigkeit und Aktualit\u00e4t der bereitgestellten Inhalte. Die Nutzung der Inhalte der Website erfolgt auf eigene Gefahr des Nutzers. Namentlich gekennzeichnete Beitr\u00e4ge geben die Meinung des jeweiligen Autors und nicht immer die Meinung des Anbieters wieder. Mit der reinen Nutzung der Website des Anbieters kommt keinerlei Vertragsverh\u00e4ltnis zwischen dem Nutzer und dem Anbieter zustande.<\/p>\n<p>\u00a7 2 Externe Links<br \/>Diese Website enth\u00e4lt Verkn\u00fcpfungen zu Websites Dritter (&#8222;externe Links&#8220;). Diese Websites unterliegen der Haftung der jeweiligen Betreiber. Der Anbieter hat bei der erstmaligen Verkn\u00fcpfung der externen Links die fremden Inhalte daraufhin \u00fcberpr\u00fcft, ob etwaige Rechtsverst\u00f6\u00dfe bestehen. Zu dem Zeitpunkt waren keine Rechtsverst\u00f6\u00dfe ersichtlich. Der Anbieter hat keinerlei Einfluss auf die aktuelle und zuk\u00fcnftige Gestaltung und auf die Inhalte der verkn\u00fcpften Seiten. Das Setzen von externen Links bedeutet nicht, dass sich der Anbieter die hinter dem Verweis oder Link liegenden Inhalte zu Eigen macht. Eine st\u00e4ndige Kontrolle der externen Links ist f\u00fcr den Anbieter ohne konkrete Hinweise auf Rechtsverst\u00f6\u00dfe nicht zumutbar. Bei Kenntnis von Rechtsverst\u00f6\u00dfen werden jedoch derartige externe Links unverz\u00fcglich gel\u00f6scht.<\/p>\n<p>\u00a7 3 Urheber- und Leistungsschutzrechte<br \/>Die auf dieser Website ver\u00f6ffentlichten Inhalte unterliegen dem deutschen Urheber- und Leistungsschutzrecht. Jede vom deutschen Urheber- und Leistungsschutzrecht nicht zugelassene Verwertung bedarf der vorherigen schriftlichen Zustimmung des Anbieters oder jeweiligen Rechteinhabers. Dies gilt insbesondere f\u00fcr Vervielf\u00e4ltigung, Bearbeitung, \u00dcbersetzung, Einspeicherung, Verarbeitung bzw. Wiedergabe von Inhalten in Datenbanken oder anderen elektronischen Medien und Systemen. Inhalte und Rechte Dritter sind dabei als solche gekennzeichnet. Die unerlaubte Vervielf\u00e4ltigung oder Weitergabe einzelner Inhalte oder kompletter Seiten ist nicht gestattet und strafbar. Lediglich die Herstellung von Kopien und Downloads f\u00fcr den pers\u00f6nlichen, privaten und nicht kommerziellen Gebrauch ist erlaubt.<\/p>\n<p>Die Darstellung dieser Website in fremden Frames ist nur mit schriftlicher Erlaubnis zul\u00e4ssig.<\/p>\n<p>\u00a7 4 Besondere Nutzungsbedingungen<br \/>Soweit besondere Bedingungen f\u00fcr einzelne Nutzungen dieser Website von den vorgenannten Paragraphen abweichen, wird an entsprechender Stelle ausdr\u00fccklich darauf hingewiesen. In diesem Falle gelten im jeweiligen Einzelfall die besonderen Nutzungsbedingungen.<\/p>\n<p>Quelle:\u00a0<a href=\"http:\/\/www.juraforum.de\/impressum-generator\/\">Impressum Vorlage<\/a>\u00a0und\u00a0<a href=\"http:\/\/www.juraforum.de\/rechtsanwalt\/anwalt-rostock\/\">Rechtsanwalt Rostock<\/a>\u00a0von Juraforum.de<\/p>\n<\/div>\n<\/div>\n<\/div>\n<\/div>\n<\/div>\n<\/div>\n<div class=\"vc_row wpb_row vc_row-fluid\">\n<div class=\"wpb_column vc_column_container vc_col-sm-12\">\n<div class=\"vc_column-inner\">\n<div class=\"wpb_wrapper\">\n<div class=\"wpb_text_column wpb_content_element \">\n<div class=\"wpb_wrapper\">\n<p><strong>Bildrechte\u00a0<\/strong><\/p>\n<p>\u00a9 flaticon.com<br \/>\u00a9 staffeins.de<\/p>\n<\/div>\n<\/div>\n<\/div>\n<\/div>\n<\/div>\n<\/div>\n\n<p>&nbsp;<\/p>\n<p>[\/vc_column_text][\/vc_column][\/vc_row]<\/p>\n<\/div>","protected":false},"excerpt":{"rendered":"<p>[vc_row][vc_column][vc_column_text] Gender Hinweis Wir legen gro\u00dfen Wert auf Gleichbehandlung. Um die Lesefreundlichkeit der Website zu verbessern, wird jedoch an einigen Stellen bei Personenbezeichnungen und personenbezogenen Hauptw\u00f6rtern ausschlie\u00dflich die m\u00e4nnliche Form verwendet. Alle Geschlechter sind gleichberechtigt angesprochen. Vielen Dank f\u00fcr Ihr Verst\u00e4ndnis! &nbsp; Betreiber von OneClickPersonal.de Staff Eins GmbH www.personal.staffeins.de Akazienstra\u00dfe 3a10823 Berlin Telefon: (030) 220&hellip;<\/p>\n","protected":false},"author":1,"featured_media":0,"parent":0,"menu_order":0,"comment_status":"closed","ping_status":"open","template":"","meta":{"footnotes":""},"amp_enabled":true,"_links":{"self":[{"href":"https:\/\/promotioneins.de\/index.php\/wp-json\/wp\/v2\/pages\/3"}],"collection":[{"href":"https:\/\/promotioneins.de\/index.php\/wp-json\/wp\/v2\/pages"}],"about":[{"href":"https:\/\/promotioneins.de\/index.php\/wp-json\/wp\/v2\/types\/page"}],"author":[{"embeddable":true,"href":"https:\/\/promotioneins.de\/index.php\/wp-json\/wp\/v2\/users\/1"}],"replies":[{"embeddable":true,"href":"https:\/\/promotioneins.de\/index.php\/wp-json\/wp\/v2\/comments?post=3"}],"version-history":[{"count":4,"href":"https:\/\/promotioneins.de\/index.php\/wp-json\/wp\/v2\/pages\/3\/revisions"}],"predecessor-version":[{"id":2235,"href":"https:\/\/promotioneins.de\/index.php\/wp-json\/wp\/v2\/pages\/3\/revisions\/2235"}],"wp:attachment":[{"href":"https:\/\/promotioneins.de\/index.php\/wp-json\/wp\/v2\/media?parent=3"}],"curies":[{"name":"wp","href":"https:\/\/api.w.org\/{rel}","templated":true}]}}